{"id":1572,"date":"2022-04-19T15:33:20","date_gmt":"2022-04-19T13:33:20","guid":{"rendered":"https:\/\/kerris.pl\/?page_id=1572"},"modified":"2022-09-16T15:03:46","modified_gmt":"2022-09-16T13:03:46","slug":"contact","status":"publish","type":"page","link":"https:\/\/kerris.pl\/en\/contact\/","title":{"rendered":"Contact"},"content":{"rendered":"\n\n<div\n  class=\" c-wrapper-sections     c-wrapper-sections--simple-color \n  \n  \n  \n     c-wrapper-sections--dark-blue\"\n  >\n\n  \n  <div class=\"c-wrapper-sections__inner\">\n    \n\n<section class=\" c-brief-se js-scroll-to-form\">\n  <div class=\"container \">\n    <div class=\"row c-brief-se__breadcrumb-wrap\">\n      <div class=\"col-12\">\n        <div class=\"c-breadcrumbs c-breadcrumbs--light\">\n    <div class=\"c-breadcrumbs__items\"><span><span><a href=\"https:\/\/kerris.pl\/en\/\">Home<\/a><\/span><\/span><\/div>\n<\/div>\n      <\/div>\n    <\/div>\n    <div class=\"row\">\n      <div class=\"col-lg-11 col-12\">\n        <div class=\"c-brief-se__frame js-content-hide\">\n          <div class=\"row c-brief-se__header\">\n            <div class=\"col-md-5 col-12\">\n              <div class=\"c-brief-se__title-wrap\">\n                \n\n<h1 class=\"c-heading   c-heading--small-xs   c-heading--light   c-heading--uppercase  c-brief-se__title \">Contact us<\/h1>\n\n              <\/div>\n            <\/div>\n            <div class=\"col-md-7 col-12 c-brief-se__desc-wrap\">\n              <div class=\"c-brief-se__description c-text-content c-text-content--light\">\n                Tell us what you need help with and we&#8217;ll be back with an initial proposal in 48 hours. Complete the form below or send an email to <a href = \"mailto: hello@kerrisgroup.com\"> hello@kerrisgroup.com <\/a>\n              <\/div>\n            <\/div>\n            <div class=\"col-12\">\n              <hr class=\"o-separate o-separate--pink  c-brief-se__separate-top\">            <\/div>\n          <\/div>\n\n                               \n<div class=\"wpcf7 no-js\" id=\"wpcf7-f1571-o1\" lang=\"en-US\" dir=\"ltr\" data-wpcf7-id=\"1571\">\n<div class=\"screen-reader-response\"><p role=\"status\" aria-live=\"polite\" aria-atomic=\"true\"><\/p> <ul><\/ul><\/div>\n<form action=\"\/en\/wp-json\/wp\/v2\/pages\/1572#wpcf7-f1571-o1\" method=\"post\" class=\"wpcf7-form init wpcf7-acceptance-as-validation\" aria-label=\"Contact form\" novalidate=\"novalidate\" data-status=\"init\">\n<fieldset class=\"hidden-fields-container\"><input type=\"hidden\" name=\"_wpcf7\" value=\"1571\" \/><input type=\"hidden\" name=\"_wpcf7_version\" value=\"6.1.2\" \/><input type=\"hidden\" name=\"_wpcf7_locale\" value=\"en_US\" \/><input type=\"hidden\" name=\"_wpcf7_unit_tag\" value=\"wpcf7-f1571-o1\" \/><input type=\"hidden\" name=\"_wpcf7_container_post\" value=\"0\" \/><input type=\"hidden\" name=\"_wpcf7_posted_data_hash\" value=\"\" \/><input type=\"hidden\" name=\"_wpcf7cf_hidden_group_fields\" value=\"[]\" \/><input type=\"hidden\" name=\"_wpcf7cf_hidden_groups\" value=\"[]\" \/><input type=\"hidden\" name=\"_wpcf7cf_visible_groups\" value=\"[]\" \/><input type=\"hidden\" name=\"_wpcf7cf_repeaters\" value=\"[]\" \/><input type=\"hidden\" name=\"_wpcf7cf_steps\" value=\"{}\" \/><input type=\"hidden\" name=\"_wpcf7cf_options\" value=\"{&quot;form_id&quot;:1571,&quot;conditions&quot;:[{&quot;then_field&quot;:&quot;extension-content&quot;,&quot;and_rules&quot;:[{&quot;if_field&quot;:&quot;checkbox-743&quot;,&quot;operator&quot;:&quot;equals&quot;,&quot;if_value&quot;:&quot;Chc\\u0119 najpierw podpisa\\u0107 NDA&quot;}]}],&quot;settings&quot;:{&quot;animation&quot;:&quot;yes&quot;,&quot;animation_intime&quot;:200,&quot;animation_outtime&quot;:200,&quot;conditions_ui&quot;:&quot;normal&quot;,&quot;notice_dismissed&quot;:false}}\" \/><input type=\"hidden\" name=\"_wpcf7_recaptcha_response\" value=\"\" \/>\n<\/fieldset>\n<div class=\"row c-form-basic\">\n<div class=\"col-lg-7 col-12 c-form-basic__col-desc\">\n\n<div class=\"c-form-basic__field-wrapper\">\n<div class=\"c-form-basic__wrap-label-input js-label-action\">\n<span class=\"c-form-basic__label-placeholder\">Twoje imi\u0119<\/span><span class=\"wpcf7-form-control-wrap\" data-name=\"your-name\"><input size=\"40\" maxlength=\"400\" class=\"wpcf7-form-control wpcf7-text wpcf7-validates-as-required c-form-basic__input js-input-action\" aria-required=\"true\" aria-invalid=\"false\" placeholder=\"Twoje imi\u0119\" value=\"\" type=\"text\" name=\"your-name\" \/><\/span><\/div>\n<\/div>\n\n<div class=\"c-form-basic__field-wrapper\">\n<div class=\"c-form-basic__wrap-label-input js-label-action\">\n<span class=\"c-form-basic__label-placeholder\">Firmowy adres e-mail<\/span><span class=\"wpcf7-form-control-wrap\" data-name=\"your-email\"><input size=\"40\" maxlength=\"400\" class=\"wpcf7-form-control wpcf7-email wpcf7-validates-as-required wpcf7-text wpcf7-validates-as-email c-form-basic__input js-input-action\" aria-required=\"true\" aria-invalid=\"false\" placeholder=\"Firmowy adres e-mail\" value=\"\" type=\"email\" name=\"your-email\" \/><\/span><\/div>\n<\/div>\n\n<div class=\"c-form-basic__field-wrapper\">\n<div class=\"c-form-basic__wrap-label-input js-label-action\">\n<span class=\"c-form-basic__label-placeholder\">Numer telefonu<\/span><span class=\"wpcf7-form-control-wrap\" data-name=\"tel-598\"><input size=\"40\" maxlength=\"400\" class=\"wpcf7-form-control wpcf7-tel wpcf7-text wpcf7-validates-as-tel c-form-basic__input js-input-action\" aria-invalid=\"false\" placeholder=\"Numer telefonu\" value=\"\" type=\"tel\" name=\"tel-598\" \/><\/span><\/div>\n<\/div>\n\n<div class=\"c-form-basic__field-wrapper\">\n <span class=\"wpcf7-form-control-wrap\" data-name=\"your-message-first\"><textarea cols=\"40\" rows=\"10\" maxlength=\"2000\" class=\"wpcf7-form-control wpcf7-textarea c-form-basic__input c-form-basic__input--textarea\" aria-invalid=\"false\" placeholder=\"Jaki cel biznesowy chcesz z nami osi\u0105gn\u0105\u0107?\" name=\"your-message-first\"><\/textarea><\/span>\n<\/div>\n\n<div class=\"c-form-basic__field-wrapper c-form-basic__field-wrapper--btn-file\">\n<div class=\"c-form-basic__file-wrapp-multiple\">\n<span class=\"wpcf7-form-control-wrap\" data-name=\"upload-file-513\"><input size=\"40\" class=\"wpcf7-form-control wpcf7-drag-n-drop-file d-none c-form-basic__file-multiple\" aria-invalid=\"false\" type=\"file\" multiple=\"multiple\" data-name=\"upload-file-513\" data-type=\"jpeg|jpg|doc|docx|pdf|ppt|pptx|xls|xlsx\" data-id=\"1571\" data-version=\"free version 1.3.9.1\" accept=\".jpeg, .jpg, .doc, .docx, .pdf, .ppt, .pptx, .xls, .xlsx\" \/><\/span>\n<\/div>\n<\/div>\n\n<div class=\"c-form-basic__field-wrapper c-form-basic__field-wrapper--checkbox-wrap c-form-basic__field-wrapper--middle-margin \">\n<div class=\"c-form-basic__input-checkbox c-form-basic__input-checkbox--max-width c-form-basic__input-checkbox--align-top\"><span class=\"wpcf7-form-control-wrap\" data-name=\"acceptance-politic\"><span class=\"wpcf7-form-control wpcf7-acceptance\"><span class=\"wpcf7-list-item\"><label><input type=\"checkbox\" name=\"acceptance-politic\" value=\"1\" aria-invalid=\"false\" \/><span class=\"wpcf7-list-item-label\">Wyra\u017cam zgod\u0119 na otrzymywanie informacji handlowych na podany przeze mnie adres poczty elektronicznej i numer telefonu, przekazywanych przez Kerris Group Sp. z o.o., zapozna\u0142am\/em si\u0119 z <a href=\"\/polityka-prywatnosci\/\">polityk\u0105 prywatno\u015bci<\/a>  <span class=\"c-form-basic__more-switcher js-more-info-trigger\"> rozwi\u0144 informacje\/RODO<\/span>\n<span class=\"c-form-basic__more-info js-more-info\"><ol><li>Przetwarzamy nast\u0119puj\u0105ce dane osobowe: imi\u0119 i nazwisko, adres e-mail, numer telefonu.<br><\/li><li>Administratorem danych osobowych jest Kerris Group Sp. z o.o., al. Jana Paw\u0142a II 27, 00-867 Warszawa.<\/li><li>Dane osobowe b\u0119d\u0105 przetwarzane w celu odpowiedzi na zapytanie skierowane przy u\u017cyciu formularza kontaktowego oraz prowadzenie ewentualnego dalszego kontaktu na Pani\/Pana \u017cyczenie. Podstaw\u0105 przetwarzania danych osobowych s\u0105 czynno\u015bci podejmowane przez nas na Pani\/Pana \u017c\u0105danie przed zawarciem umowy.<\/li><li>Podanie danych osobowych jest dobrowolne, jednak\u017ce brak ich podania uniemo\u017cliwia \u015bwiadczenie w\/w us\u0142ugi.<\/li><li>Dane osobowe b\u0119d\u0105 przechowywane przez okres 5 lat od daty wys\u0142ania zapytania.<\/li><li>Przys\u0142uguje Panu\/Pani prawo \u017c\u0105dania dost\u0119pu do tre\u015bci danych osobowych, ich sprostowania, usuni\u0119cia oraz prawo do ograniczenia ich przetwarzania. Ponadto tak\u017ce prawo do cofni\u0119cia zgody w dowolnym momencie bez wp\u0142ywu na zgodno\u015b\u0107 z prawem przetwarzania, prawo do przenoszenia danych oraz prawo do wniesienia sprzeciwu wobec przetwarzania danych osobowych,<\/li><li>Posiada Pan\/Pani prawo wniesienia skargi do Prezesa Urz\u0119du Ochrony Danych Osobowych.<\/li><li>Dane osobowe b\u0119d\u0105 przekazywane wy\u0142\u0105cznie naszym podwykonawcom, tj. dostawcom us\u0142ug informatycznych.<\/li><li>Dane osobowe b\u0119d\u0105 przetwarzane w spos\u00f3b zautomatyzowany, tak\u017ce w formie profilowania przy pomocy narz\u0119dzi Google Analytics, HotJar, Yandex Metrics, GA Audiences, LinkedIn Analytics, Google Tag Manager, Facebook Connect, ShareThis, Google AdWords Conversion, DoubleClick, Google Dynamic Remarketing, Facebook Custom Audience. Profilowanie b\u0119dzie mia\u0142o na celu umo\u017cliwienie przygotowania najlepszej, spersonalizowanej oferty i dedykowanych reklam.<\/li><\/ol><\/span><\/span><\/label><\/span><\/span><\/span><\/div>\n<\/div>\n\n<div class=\"c-form-basic__field-wrapper c-form-basic__field-wrapper--checkbox-wrap disable-field\">\n<span class=\"wpcf7-form-control-wrap\" data-name=\"checkbox-743\"><span class=\"wpcf7-form-control wpcf7-checkbox c-form-basic__input-checkbox\"><span class=\"wpcf7-list-item first last\"><label><input type=\"checkbox\" name=\"checkbox-743[]\" value=\"Chc\u0119 najpierw podpisa\u0107 NDA\" \/><span class=\"wpcf7-list-item-label\">Chc\u0119 najpierw podpisa\u0107 NDA<\/span><\/label><\/span><\/span><\/span>\n<\/div>\n\n<\/div>\n<div class=\"col-lg-5 col-12 c-form-basic__col-img\">\n<picture class=\"c-form-basic__img-wrapper\">\n<img decoding=\"async\" class=\"c-form-basic__img\" src=\"\/wp-content\/uploads\/2022\/05\/img_brief_v1_@2-1.png\" alt=\"Image forms\" loading=\"lazy\"> \n<\/picture>\n<\/div>\n\n<div class=\"col-12 c-form-basic__col-btn-send\">\n<div data-id=\"extension-content\" data-orig_data_id=\"extension-content\" data-clear_on_hide class=\"\" data-class=\"wpcf7cf_group\">\n<hr class=\"o-separate o-separate--pink  c-brief-se__separate-middle\">  \n<div class=\"c-form-basic__extension-wrapper\">\n          \n<div class=\"c-form-basic__field-wrapper c-form-basic__field-wrapper--big-margin\">\n<div class=\"c-form-basic__head-label c-form-basic__head-label--double-column\"><span class=\"c-form-basic__head-label-column-left\">Chcesz opowiedzie\u0107 nam wi\u0119cej o Twoim wyzwaniu?<\/span><div class=\"c-form-basic__head-label-column-right c-text-content c-text-content--light\">Nie musisz odpowiada\u0107 na wszystkie pytania, ale ka\u017cda odpowied\u017a pomo\u017ce nam lepiej przygotowa\u0107 si\u0119 do rozmowy<\/div><\/div><span class=\"wpcf7-form-control-wrap\" data-name=\"challenge\"><span class=\"wpcf7-form-control wpcf7-radio c-form-basic__input-selected\"><span class=\"wpcf7-list-item first\"><label><input type=\"radio\" name=\"challenge\" value=\"Tak\" \/><span class=\"wpcf7-list-item-label\">Tak<\/span><\/label><\/span><span class=\"wpcf7-list-item last\"><label><input type=\"radio\" name=\"challenge\" value=\"Nie\" \/><span class=\"wpcf7-list-item-label\">Nie<\/span><\/label><\/span><\/span><\/span>\n<\/div>\n<hr class=\"o-separate o-separate--pink  c-form-basic__separate-last\">  \n\n<div class=\"c-form-basic__field-wrapper\">\n<div class=\"c-form-basic__head-label\"><div class=\"c-text-content c-text-content--light\">W jakich obszarach mo\u017cemy Ci\u0119 wesprze\u0107?<\/div><\/div>\n<span class=\"wpcf7-form-control-wrap\" data-name=\"area\"><span class=\"wpcf7-form-control wpcf7-checkbox wpcf7-exclusive-checkbox c-form-basic__input-selected\"><span class=\"wpcf7-list-item first\"><label><input type=\"checkbox\" name=\"area\" value=\"Nazwa obszaru\" \/><span class=\"wpcf7-list-item-label\">Nazwa obszaru<\/span><\/label><\/span><span class=\"wpcf7-list-item\"><label><input type=\"checkbox\" name=\"area\" value=\"Nazwa obszaru\" \/><span class=\"wpcf7-list-item-label\">Nazwa obszaru<\/span><\/label><\/span><span class=\"wpcf7-list-item\"><label><input type=\"checkbox\" name=\"area\" value=\"Nazwa obszaru\" \/><span class=\"wpcf7-list-item-label\">Nazwa obszaru<\/span><\/label><\/span><span class=\"wpcf7-list-item\"><label><input type=\"checkbox\" name=\"area\" value=\"Nazwa obszaru\" \/><span class=\"wpcf7-list-item-label\">Nazwa obszaru<\/span><\/label><\/span><span class=\"wpcf7-list-item\"><label><input type=\"checkbox\" name=\"area\" value=\"Nazwa obszaru\" \/><span class=\"wpcf7-list-item-label\">Nazwa obszaru<\/span><\/label><\/span><span class=\"wpcf7-list-item\"><label><input type=\"checkbox\" name=\"area\" value=\"Nazwa obszaru\" \/><span class=\"wpcf7-list-item-label\">Nazwa obszaru<\/span><\/label><\/span><span class=\"wpcf7-list-item last\"><label><input type=\"checkbox\" name=\"area\" value=\"Nazwa obszaru\" \/><span class=\"wpcf7-list-item-label\">Nazwa obszaru<\/span><\/label><\/span><\/span><\/span>\n<\/div>\n\n<div class=\"c-form-basic__field-wrapper\">\n<div class=\"c-form-basic__head-label\"><div class=\"c-text-content c-text-content--light\">Jakim bud\u017cetem dysponujesz?<\/div><\/div>\n<span class=\"wpcf7-form-control-wrap\" data-name=\"budget\"><span class=\"wpcf7-form-control wpcf7-checkbox wpcf7-exclusive-checkbox c-form-basic__input-selected\"><span class=\"wpcf7-list-item first\"><label><input type=\"checkbox\" name=\"budget\" value=\"Zakres bud\u017cetu\" \/><span class=\"wpcf7-list-item-label\">Zakres bud\u017cetu<\/span><\/label><\/span><span class=\"wpcf7-list-item\"><label><input type=\"checkbox\" name=\"budget\" value=\"Zakres bud\u017cetu\" \/><span class=\"wpcf7-list-item-label\">Zakres bud\u017cetu<\/span><\/label><\/span><span class=\"wpcf7-list-item\"><label><input type=\"checkbox\" name=\"budget\" value=\"Zakres bud\u017cetu\" \/><span class=\"wpcf7-list-item-label\">Zakres bud\u017cetu<\/span><\/label><\/span><span class=\"wpcf7-list-item last\"><label><input type=\"checkbox\" name=\"budget\" value=\"Zakres bud\u017cetu\" \/><span class=\"wpcf7-list-item-label\">Zakres bud\u017cetu<\/span><\/label><\/span><\/span><\/span>\n<\/div>\n\n<div class=\"c-form-basic__field-wrapper c-form-basic__field-wrapper--middle-margin\">\n <span class=\"wpcf7-form-control-wrap\" data-name=\"your-message\"><textarea cols=\"40\" rows=\"10\" maxlength=\"2000\" class=\"wpcf7-form-control wpcf7-textarea c-form-basic__input c-form-basic__input--textarea c-form-basic__input--textarea-bigger\" aria-invalid=\"false\" placeholder=\"Jakie kryteria wyboru agencji bierzesz pod uwag\u0119?\" name=\"your-message\"><\/textarea><\/span>\n<\/div>\n<div class=\"c-form-basic__field-wrapper c-form-basic__field-wrapper--checkbox-wrap\">\n<div class=\"c-form-basic__input-checkbox c-form-basic__input-checkbox--max-width\"><span class=\"wpcf7-form-control-wrap\" data-name=\"acceptance-226\"><span class=\"wpcf7-form-control wpcf7-acceptance optional\"><span class=\"wpcf7-list-item\"><label><input type=\"checkbox\" name=\"acceptance-226\" value=\"1\" aria-invalid=\"false\" \/><span class=\"wpcf7-list-item-label\">Lorem ipsum dolor sit amet, consectetur adipiscing elit, sed do eiusmod tempor incididunt ut labore et dolore magna aliqua. Ut enim ad minim veniam, quis nostrud exerc.<\/span><\/label><\/span><\/span><\/span><\/div>\n<\/div>\n\n<\/div>\n\n<\/div>\n\n<div class=\"c-form-basic__field-wrapper c-form-basic__field-wrapper--btn-send\">\n<div class=\"c-form-basic__btn-wrap\"><input class=\"wpcf7-form-control wpcf7-submit has-spinner c-form-basic__btn-send\" type=\"submit\" value=\"Wy\u015blij brief\" \/><\/div>\n<\/div>\n<\/div>\n\n<\/div><div class=\"wpcf7-response-output\" aria-hidden=\"true\"><\/div>\n<\/form>\n<\/div>\n           \n        <\/div>\n\n        \n        <div class=\"c-brief-se__frame c-brief-se__frame--specific-border is-hide js-content-show\">\n          <div class=\"row c-brief-se__header\">\n            <div class=\"col-12\">\n              <div class=\"c-brief-se__title-wrap c-brief-se__title-wrap--thankyou\">\n                                \n\n<h2 class=\"c-heading   c-heading--small-xs   c-heading--light   c-heading--uppercase  c-brief-se__title \">Thank you!<\/h2>\n\n              <\/div>\n            <\/div>\n          <\/div>\n          <div class=\"c-brief-se__thankyou-wrap\">\n            <div class=\"c-brief-se__thankyou-wrap-description c-text-content c-text-content--light\">\n              Your form has been submitted\n            <\/div>\n            <div class=\"c-brief-se__thankyou-wrap-btn\">\n                                          \n\n<a class=\"c-button  c-button--border-yellow   c-brief-se__thankyou-btn\" href=\"https:\/\/kerris.pl\/en\"\n    >\n        Home\n    <\/a>\n\n                          <\/div>\n                        <picture class=\"c-brief-se__img-wrapper-thankyou\">\n              <img decoding=\"async\" class=\"c-brief-se__img-thankyou\" src=\"https:\/\/kerris.pl\/wp-content\/uploads\/2022\/05\/img_brief_v1_@2-1.png\"\n                alt=\"performance meets creativity\" loading=\"lazy\">\n            <\/picture>\n                      <\/div>\n\n        <\/div>\n      <\/div>\n    <\/div>\n  <\/div>\n<\/section>\n\n  <\/div>\n<\/div>\n\n","protected":false},"excerpt":{"rendered":"","protected":false},"author":3,"featured_media":0,"parent":0,"menu_order":0,"comment_status":"closed","ping_status":"closed","template":"","meta":{"_acf_changed":false,"inline_featured_image":false,"footnotes":""},"class_list":["post-1572","page","type-page","status-publish","hentry"],"acf":[],"yoast_head":"<!-- This site is optimized with the Yoast SEO plugin v26.1.1 - https:\/\/yoast.com\/wordpress\/plugins\/seo\/ -->\n<title>Contact - KERRIS<\/title>\n<meta name=\"robots\" content=\"index, follow, max-snippet:-1, max-image-preview:large, max-video-preview:-1\" \/>\n<link rel=\"canonical\" href=\"https:\/\/kerris.pl\/en\/contact\/\" \/>\n<meta property=\"og:locale\" content=\"en_US\" \/>\n<meta property=\"og:type\" content=\"article\" \/>\n<meta property=\"og:title\" content=\"Contact - KERRIS\" \/>\n<meta property=\"og:url\" content=\"https:\/\/kerris.pl\/en\/contact\/\" \/>\n<meta property=\"og:site_name\" content=\"kerris.pl\" \/>\n<meta property=\"article:publisher\" content=\"https:\/\/www.facebook.com\/AgencjaKERRIS\" \/>\n<meta property=\"article:modified_time\" content=\"2022-09-16T13:03:46+00:00\" \/>\n<meta property=\"og:image\" content=\"https:\/\/kerris.pl\/wp-content\/uploads\/2022\/04\/share_1280x628_v1@2x.png\" \/>\n\t<meta property=\"og:image:width\" content=\"2560\" \/>\n\t<meta property=\"og:image:height\" content=\"1256\" \/>\n\t<meta property=\"og:image:type\" content=\"image\/png\" \/>\n<meta name=\"twitter:card\" content=\"summary_large_image\" \/>\n<script type=\"application\/ld+json\" class=\"yoast-schema-graph\">{\"@context\":\"https:\/\/schema.org\",\"@graph\":[{\"@type\":\"WebPage\",\"@id\":\"https:\/\/kerris.pl\/en\/contact\/\",\"url\":\"https:\/\/kerris.pl\/en\/contact\/\",\"name\":\"Contact - KERRIS\",\"isPartOf\":{\"@id\":\"https:\/\/kerris.pl\/en\/#website\"},\"datePublished\":\"2022-04-19T13:33:20+00:00\",\"dateModified\":\"2022-09-16T13:03:46+00:00\",\"breadcrumb\":{\"@id\":\"https:\/\/kerris.pl\/en\/contact\/#breadcrumb\"},\"inLanguage\":\"en-US\",\"potentialAction\":[{\"@type\":\"ReadAction\",\"target\":[\"https:\/\/kerris.pl\/en\/contact\/\"]}]},{\"@type\":\"BreadcrumbList\",\"@id\":\"https:\/\/kerris.pl\/en\/contact\/#breadcrumb\",\"itemListElement\":[{\"@type\":\"ListItem\",\"position\":1,\"name\":\"Home\",\"item\":\"https:\/\/kerris.pl\/en\/\"},{\"@type\":\"ListItem\",\"position\":2,\"name\":\"Contact\"}]},{\"@type\":\"WebSite\",\"@id\":\"https:\/\/kerris.pl\/en\/#website\",\"url\":\"https:\/\/kerris.pl\/en\/\",\"name\":\"kerris.pl\",\"description\":\"KERRIS - Performance Meets Creativity\",\"publisher\":{\"@id\":\"https:\/\/kerris.pl\/en\/#organization\"},\"potentialAction\":[{\"@type\":\"SearchAction\",\"target\":{\"@type\":\"EntryPoint\",\"urlTemplate\":\"https:\/\/kerris.pl\/en\/?s={search_term_string}\"},\"query-input\":{\"@type\":\"PropertyValueSpecification\",\"valueRequired\":true,\"valueName\":\"search_term_string\"}}],\"inLanguage\":\"en-US\"},{\"@type\":\"Organization\",\"@id\":\"https:\/\/kerris.pl\/en\/#organization\",\"name\":\"KERRIS\",\"url\":\"https:\/\/kerris.pl\/en\/\",\"logo\":{\"@type\":\"ImageObject\",\"inLanguage\":\"en-US\",\"@id\":\"https:\/\/kerris.pl\/en\/#\/schema\/logo\/image\/\",\"url\":\"https:\/\/kerris.pl\/wp-content\/uploads\/2022\/07\/KERRIS_LOGO_RGB_CONTRA.png\",\"contentUrl\":\"https:\/\/kerris.pl\/wp-content\/uploads\/2022\/07\/KERRIS_LOGO_RGB_CONTRA.png\",\"width\":2954,\"height\":886,\"caption\":\"KERRIS\"},\"image\":{\"@id\":\"https:\/\/kerris.pl\/en\/#\/schema\/logo\/image\/\"},\"sameAs\":[\"https:\/\/www.facebook.com\/AgencjaKERRIS\",\"https:\/\/www.linkedin.com\/company\/kerris\/\"]}]}<\/script>\n<!-- \/ Yoast SEO plugin. -->","yoast_head_json":{"title":"Contact - KERRIS","robots":{"index":"index","follow":"follow","max-snippet":"max-snippet:-1","max-image-preview":"max-image-preview:large","max-video-preview":"max-video-preview:-1"},"canonical":"https:\/\/kerris.pl\/en\/contact\/","og_locale":"en_US","og_type":"article","og_title":"Contact - KERRIS","og_url":"https:\/\/kerris.pl\/en\/contact\/","og_site_name":"kerris.pl","article_publisher":"https:\/\/www.facebook.com\/AgencjaKERRIS","article_modified_time":"2022-09-16T13:03:46+00:00","og_image":[{"width":2560,"height":1256,"url":"https:\/\/kerris.pl\/wp-content\/uploads\/2022\/04\/share_1280x628_v1@2x.png","type":"image\/png"}],"twitter_card":"summary_large_image","schema":{"@context":"https:\/\/schema.org","@graph":[{"@type":"WebPage","@id":"https:\/\/kerris.pl\/en\/contact\/","url":"https:\/\/kerris.pl\/en\/contact\/","name":"Contact - KERRIS","isPartOf":{"@id":"https:\/\/kerris.pl\/en\/#website"},"datePublished":"2022-04-19T13:33:20+00:00","dateModified":"2022-09-16T13:03:46+00:00","breadcrumb":{"@id":"https:\/\/kerris.pl\/en\/contact\/#breadcrumb"},"inLanguage":"en-US","potentialAction":[{"@type":"ReadAction","target":["https:\/\/kerris.pl\/en\/contact\/"]}]},{"@type":"BreadcrumbList","@id":"https:\/\/kerris.pl\/en\/contact\/#breadcrumb","itemListElement":[{"@type":"ListItem","position":1,"name":"Home","item":"https:\/\/kerris.pl\/en\/"},{"@type":"ListItem","position":2,"name":"Contact"}]},{"@type":"WebSite","@id":"https:\/\/kerris.pl\/en\/#website","url":"https:\/\/kerris.pl\/en\/","name":"kerris.pl","description":"KERRIS - Performance Meets Creativity","publisher":{"@id":"https:\/\/kerris.pl\/en\/#organization"},"potentialAction":[{"@type":"SearchAction","target":{"@type":"EntryPoint","urlTemplate":"https:\/\/kerris.pl\/en\/?s={search_term_string}"},"query-input":{"@type":"PropertyValueSpecification","valueRequired":true,"valueName":"search_term_string"}}],"inLanguage":"en-US"},{"@type":"Organization","@id":"https:\/\/kerris.pl\/en\/#organization","name":"KERRIS","url":"https:\/\/kerris.pl\/en\/","logo":{"@type":"ImageObject","inLanguage":"en-US","@id":"https:\/\/kerris.pl\/en\/#\/schema\/logo\/image\/","url":"https:\/\/kerris.pl\/wp-content\/uploads\/2022\/07\/KERRIS_LOGO_RGB_CONTRA.png","contentUrl":"https:\/\/kerris.pl\/wp-content\/uploads\/2022\/07\/KERRIS_LOGO_RGB_CONTRA.png","width":2954,"height":886,"caption":"KERRIS"},"image":{"@id":"https:\/\/kerris.pl\/en\/#\/schema\/logo\/image\/"},"sameAs":["https:\/\/www.facebook.com\/AgencjaKERRIS","https:\/\/www.linkedin.com\/company\/kerris\/"]}]}},"_links":{"self":[{"href":"https:\/\/kerris.pl\/en\/wp-json\/wp\/v2\/pages\/1572","targetHints":{"allow":["GET"]}}],"collection":[{"href":"https:\/\/kerris.pl\/en\/wp-json\/wp\/v2\/pages"}],"about":[{"href":"https:\/\/kerris.pl\/en\/wp-json\/wp\/v2\/types\/page"}],"author":[{"embeddable":true,"href":"https:\/\/kerris.pl\/en\/wp-json\/wp\/v2\/users\/3"}],"replies":[{"embeddable":true,"href":"https:\/\/kerris.pl\/en\/wp-json\/wp\/v2\/comments?post=1572"}],"version-history":[{"count":0,"href":"https:\/\/kerris.pl\/en\/wp-json\/wp\/v2\/pages\/1572\/revisions"}],"wp:attachment":[{"href":"https:\/\/kerris.pl\/en\/wp-json\/wp\/v2\/media?parent=1572"}],"curies":[{"name":"wp","href":"https:\/\/api.w.org\/{rel}","templated":true}]}}